{"id":1263,"date":"2025-10-15T14:16:09","date_gmt":"2025-10-15T12:16:09","guid":{"rendered":"https:\/\/rockitapple.de\/kinderaktion2025\/?page_id=1263"},"modified":"2025-11-03T11:47:45","modified_gmt":"2025-11-03T10:47:45","slug":"teilnahmebedingungen","status":"publish","type":"page","link":"https:\/\/www.rockitapple.de\/kinderaktion\/teilnahmebedingungen\/","title":{"rendered":"Teilnahmebedingungen"},"content":{"rendered":"\n<h1 class=\"wp-block-heading\" id=\"impressumModal\">Teilnahmebedingungen \u201eVeranstaltungs-Aktion\u201c<\/h1>\n\n\n\n<p>Preisausschreiben \u201eVeranstaltungs-Aktion\u201c zwischen dem 01.09.2023 und 31.07.2026 Ihre geplante Feier beschreiben und ein Veranstaltungspaket mit Utensilien insbesondere f\u00fcr Ihre kleinen G\u00e4ste erhalten.<\/p>\n\n\n\n<h3 class=\"wp-block-heading\">1. Allgemeine Bedingungen<\/h3>\n\n\n\n<p>1.1 Red Apple Germany GmbH, Bassenflether Chaussee 4b, 21723 Hollern-Twielenfleth, (im Folgenden \u201eRed Apple\u201c genannt) verlost vom 01.09.2023 und 31.07.2026 Veranstaltungspakete. Die Teilnahme am Preisausschreiben ist kostenlos.<\/p>\n\n\n\n<p>1.2 Beginn der Aktion ist der 01.09.2023. Ende der Aktion sowie Teilnahmeschluss ist der 31.07.2026 mit Ablauf von 23:59 Uhr. Ma\u00dfgeblich ist der elektronisch protokollierte Eingangszeitpunkt der Daten auf dem Server von Red Apple Germany GmbH.<\/p>\n\n\n\n<p>1.3 Teilnehmen k\u00f6nnen nur nat\u00fcrliche Personen ab 18 Jahren mit Wohnsitz und Adresse in Deutschland und \u00d6sterreich. Auch f\u00fcr \u00f6sterreichische Teilnehmer erfolgt die Versendung eines Gewinns allerdings ausschlie\u00dflich an eine deutsche Adresse. Red Apple beh\u00e4lt sich das Recht vor, die Teilnahmeberechtigung zu pr\u00fcfen und einen Altersnachweis (z. B. eine Kopie des Passes oder einer anderen anerkannten Form von Ausweis) anzufordern.<\/p>\n\n\n\n<p>1.4 Jede Person darf bis zu 3 mal an der Verlosung teilnehmen. Pro Teilnehmendem\/r wird maximal ein Preis verlost.<\/p>\n\n\n\n<p>1.5 Teilnehmende dieses Preisausschreibens stimmen durch Setzen eines H\u00e4kchens in dem auf der Internetseite des Veranstalters hierzu vorgesehenen K\u00e4stchen der Geltung dieser Teilnahmebedingungen zu.<\/p>\n\n\n\n<h3 class=\"wp-block-heading\">2. Ablauf und Teilnahme an der Verlosung<\/h3>\n\n\n\n<p>2.1. Red Apple pr\u00e4sentiert auf seiner Internetseite www.rockitapple.de\/kinderaktion das Preisausschreiben. Der\/die Teilnehmende nimmt an der Verlosung teil, indem er\/sie auf der benannten Webseite die dort geforderten Kontaktdaten inkl. Email-Adresse vollst\u00e4ndig und wahrheitsgem\u00e4\u00df in das Teilnehmerformular eintr\u00e4gt, wobei die einzutragende Adresse die Versandadresse des Gewinns sein und in Deutschland liegen muss, Felder der zur erwarteten G\u00e4steanzahl sowie zur Art der Veranstaltung wahrheitsgem\u00e4\u00df ausf\u00fcllt, das Feld zum Datum der Veranstaltung ausf\u00fcllt, welches zum Zeitpunkt des Absendens der Bewerbung mindestens zwei Monate in der Zukunft liegen muss beschreibt, warum das Veranstaltungs-Paket gerade zu seinem Event passen w\u00fcrde, die Geltung der vorliegenden Teilnahmebedingungen akzeptiert sowie den Erhalt der Datenschutzerkl\u00e4rung best\u00e4tigt und den Button \u201eSenden\u201c klickt.<\/p>\n\n\n\n<p>2.2 Eine Teilnahme ist nur \u00fcber die Internetseite www.rockitapple.de\/kinderaktion m\u00f6glich.<\/p>\n\n\n\n<p>2.3 Nur vollst\u00e4ndig ausgef\u00fcllte Registrierungen mit angegebener deutscher Adresse nehmen an dem Preisausschreiben teil. Unzutreffende Angaben oder unvollst\u00e4ndig ausgef\u00fcllte Registrierungen f\u00fchren zum Ausschluss von der Gewinnvergabe. F\u00fcr versp\u00e4tete und\/oder unvollst\u00e4ndige Eing\u00e4nge kann Red Apple nicht verantwortlich gemacht werden.<\/p>\n\n\n\n<h3 class=\"wp-block-heading\">3. Gewinne<\/h3>\n\n\n\n<p>3.1 Aus s\u00e4mtlichen Teilnehmenden w\u00e4hlt Red Apple nach Ablauf des Teilnahmezeitraums im Sinne der Ziffer 1.2 die Gewinner aus, die mit ihrer Beschreibung nach Ziff. 2.1. am besten deutlich machen, weshalb ihre geplante Feier mit den zu gewinnenden Veranstaltungspaketen verbessert w\u00fcrde. Die Gewinner enthalten jeweils ein Veranstaltungspaket. Ein Veranstaltungspaket enth\u00e4lt Pappaufsteller und Pappm\u00f6bel, die zu einer Malecke f\u00fcr Kinder zusammengebaut werden k\u00f6nnen, Mal- und Leseb\u00fccher von \u201eRockit\u201c und \u00c4pfel von \u201eRockit\u201c.<\/p>\n\n\n\n<p>3.2 Die Gewinne werden auf postalischem Weg an den jeweiligen Gewinner und die von ihm gem. Ziff. 2.1 angegebene deutsche Adresse versendet. Der Versand des Gewinns erfolgt frei Haus auf dem Postweg nur innerhalb Deutschlands an die angegebene Anschrift. Die Gewinner sind f\u00fcr die Richtigkeit und Vollst\u00e4ndigkeit der Adressangaben selbst verantwortlich. Falsche Adressangaben f\u00fchren dazu, dass eine Zustellung eventuell gar nicht oder nur versp\u00e4tet erfolgen kann. Eine mehrmalige Zustellung kann durch Red Apple nicht gew\u00e4hrleistet werden. Red Apple haftet nicht f\u00fcr eine versp\u00e4tete \u00dcbersendung oder einen Verlust der Gewinne auf dem Postweg.<\/p>\n\n\n\n<p>3.3 Der Gewinn wird ausschlie\u00dflich als Sachpreis zugeteilt, Umtausch oder Auszahlungen des Wertes des Gewinns in bar oder ein Tausch sind nicht m\u00f6glich. Die Gewinne sind personenbezogen und nicht \u00fcbertragbar.<\/p>\n\n\n\n<h3 class=\"wp-block-heading\">4. Datenschutzbestimmungen<\/h3>\n\n\n\n<p>4.1 Die vom Teilnehmenden mitgeteilten Daten (Name, Anschrift, etc.) werden ausschlie\u00dflich zum Zwecke der Durchf\u00fchrung und Abwicklung der Verlosung von Red Apple und den zur Durchf\u00fchrung beauftragten Dienstleistern f\u00fcr die Dauer der Verlosung elektronisch verarbeitet, weitergeleitet und gespeichert.<\/p>\n\n\n\n<p>4.2 Der Teilnehmende erkl\u00e4rt sich mit der unter Ziffer 4.1 geregelten Speicherung einverstanden. Die Daten werden von Red Apple und den beauftragten Dienstleistern unter Beachtung der geltenden datenschutzrechtlichen Gesetze und Bestimmungen elektronisch verarbeitet und genutzt.<\/p>\n\n\n\n<p>4.3 Pers\u00f6nliche Daten, die zur Durchf\u00fchrung der Verlosung gespeichert wurden, werden nach Abwicklung der Verlosung unverz\u00fcglich gel\u00f6scht. Die erhobenen Daten werden weder von Red Apple z Werbezwecken verwendet, an Dritte weitergegeben, vermietet oder verkauft.<\/p>\n\n\n\n<p>4.4 Erg\u00e4nzend gelten die Bestimmungen unserer <a href=\"https:\/\/rockitapple.de\/kinderaktion\/#\">Datenschutzerkl\u00e4rung<\/a>.<\/p>\n\n\n\n<p>4.5 Der Teilnehmende kann die die eigene Person betreffenden Daten jederzeit einsehen, korrigieren und l\u00f6schen und\/oder der Nutzung seiner Daten jederzeit ohne Angabe von Gr\u00fcnden widersprechen. Entsprechende Mitteilungen k\u00f6nnen an die in Ziffer 1.1. und Ziff. 8 genannten Adressen sowie an die nachfolgend genannte Email-Adresse gerichtet werden marketing-team@elbe-obst.de. Der Widerruf hat zur Folge, dass die personenbezogenen Daten umgehend gel\u00f6scht werden. Nach einem Widerruf ist die Teilnahme an der Verlosung allerdings nicht mehr m\u00f6glich.<\/p>\n\n\n\n<h3 class=\"wp-block-heading\">5. Haftungsbeschr\u00e4nkung<\/h3>\n\n\n\n<p>5.1 Red Apple \u00fcbernimmt f\u00fcr Leistungen von Dritten, insbesondere der beteiligten Kooperationspartner keine Haftung, insbesondere haftet Red Apple nicht f\u00fcr Sach- und\/oder Rechtsm\u00e4ngel der Gewinne.<\/p>\n\n\n\n<p>5.2 Red Apple haftet nur f\u00fcr Sch\u00e4den, welche von Red Apple oder einem seiner Erf\u00fcllungsgehilfen vors\u00e4tzlich oder grob fahrl\u00e4ssig oder durch die Verletzung von Kardinalspflichten verursacht wurde. Dies gilt nicht f\u00fcr Sch\u00e4den durch die Verletzung von Leben, K\u00f6rper und\/oder Gesundheit.<\/p>\n\n\n\n<p>5.3 Voranstehende Haftungsbeschr\u00e4nkung gilt insbesondere f\u00fcr Sch\u00e4den, durch Fehler, Verz\u00f6gerungen oder Unterbrechungen in der \u00dcbermittlung von Daten o.\u00e4., bei St\u00f6rungen der technischen Anlagen oder des Services, unrichtige Inhalte, Verlust oder L\u00f6schung von Daten, Viren.<\/p>\n\n\n\n<h3 class=\"wp-block-heading\">6. Weitere Regeln<\/h3>\n\n\n\n<p>6.1 Untersagt ist die Teilnahme am Preisausschreiben unter Zuhilfenahme unerlaubter Hilfsmittel oder Gewinnspieldienste sowie jeglicher Versuch, sich oder Dritten unberechtigt oder durch systematische Manipulationen Vorteile zu verschaffen. Red Apple beh\u00e4lt sich das Recht vor, Personen von der Teilnahme auszuschlie\u00dfen, bei denen der Verdacht eines solchen Verhaltens besteht. In diesen F\u00e4llen kommen die Verweigerung bereits zugesagter Gewinne und auch eine R\u00fcckforderung der Gewinne in Betracht.<\/p>\n\n\n\n<p>6.2 Red Apple beh\u00e4lt sich vor, das Preisausschreiben ohne Vorank\u00fcndigung zu beenden, wenn die Durchf\u00fchrung des Preisausschreibens aus rechtlichen oder tats\u00e4chlichen Gr\u00fcnden nicht gew\u00e4hrleistet werden kann. Dies gilt insbesondere f\u00fcr solche Gr\u00fcnde, die einen planm\u00e4\u00dfigen Ablauf des Preisausschreibens st\u00f6ren oder verhindern w\u00fcrden.<\/p>\n\n\n\n<p>6.3 Red Apple beh\u00e4lt sich vor, jederzeit die Teilnahmebedingungen zu \u00e4ndern. Red Apple kann die Aktion jederzeit \u00e4ndern, aussetzen oder beenden, soweit dies aufgrund von Umst\u00e4nden erforderlich ist, die Red Apple nicht beeinflussen kann oder wenn nur so eine ordnungsgem\u00e4\u00dfe Durchf\u00fchrung der Aktion gew\u00e4hrleistet werden kann. Falls eine derartige Beendigung durch das Verhalten eines Teilnehmers verursacht wird, ist der Veranstalter berechtigt, von dieser Person den Ersatz des entstandenen Schadens zu verlangen.<\/p>\n\n\n\n<h3 class=\"wp-block-heading\">7. Schlussbestimmungen<\/h3>\n\n\n\n<p>7.1 Es gilt das Recht der Bundesrepublik Deutschland mit Ausnahme der zwingenden Bestimmungen desjenigen Rechts, das ohne diese Klausel anzuwenden w\u00e4re, Art. 6 Abs. 2 Rom-I-Verordnung 593\/2008.<\/p>\n\n\n\n<p>7.2 Abweichungen von diesen Teilnahmebedingungen bed\u00fcrfen zu ihrer Wirksamkeit der Schriftform. Das gleiche gilt hinsichtlich der Abbedingungen des Schriftformerfordernisses.<\/p>\n\n\n\n<p>7.3 Sollten eine oder mehrere der vorstehenden Klauseln ganz oder teilweise nichtig, unwirksam oder undurchf\u00fchrbar sein oder werden, bleiben die \u00fcbrigen Bedingungen wirksam.<\/p>\n\n\n\n<p>7.4 Erf\u00fcllungsort und Gerichtsstand ist Stade, soweit eine Vereinbarung hier\u00fcber zul\u00e4ssig ist. Ansonsten gilt der Sitz bzw. Wohnsitz der beklagten Partei.<\/p>\n\n\n\n<p>7.5 Der Rechtsweg ist ausgeschlossen.<\/p>\n\n\n\n<h3 class=\"wp-block-heading\">8. Preisausschreibenanbieter<\/h3>\n\n\n\n<p>Anbieter des Preisausschreibens ist<br>Red Apple Germany GmbH<br>Bassenflether Chaussee 4b<br>21723 Hollern-Twielenfleth<br>https:\/\/www.red-apple.eu\/<br>Tel. +49(0)4141\/9531-0<br>Fax +49(0)4141\/9531-10<br>Email: info@red-apple.eu<\/p>\n\n\n\n<p>Gesch\u00e4ftsf\u00fchrer: Andreas Berg<br>Handelregister Tostedt<br>HRB 204417<br>Ust-IdentNr. DE 227 892 688<br>St.-Nr.: 43\/203\/01772<br><br>Stand: August 2025<\/p>\n","protected":false},"excerpt":{"rendered":"<p>Teilnahmebedingungen \u201eVeranstaltungs-Aktion\u201c Preisausschreiben \u201eVeranstaltungs-Aktion\u201c zwischen dem 01.09.2023 und 31.07.2026 Ihre geplante Feier beschreiben und ein Veranstaltungspaket mit Utensilien insbesondere f\u00fcr Ihre kleinen G\u00e4ste erhalten. 1. Allgemeine Bedingungen 1.1 Red Apple Germany GmbH, Bassenflether Chaussee 4b, 21723 Hollern-Twielenfleth, (im Folgenden \u201eRed Apple\u201c genannt) verlost vom 01.09.2023 und 31.07.2026 Veranstaltungspakete. Die Teilnahme am Preisausschreiben ist kostenlos. 1.2 [&hellip;]<\/p>\n","protected":false},"author":1,"featured_media":0,"parent":0,"menu_order":100,"comment_status":"closed","ping_status":"closed","template":"page.php","meta":{"footnotes":""},"class_list":["post-1263","page","type-page","status-publish","hentry"],"_links":{"self":[{"href":"https:\/\/www.rockitapple.de\/kinderaktion\/wp-json\/wp\/v2\/pages\/1263","targetHints":{"allow":["GET"]}}],"collection":[{"href":"https:\/\/www.rockitapple.de\/kinderaktion\/wp-json\/wp\/v2\/pages"}],"about":[{"href":"https:\/\/www.rockitapple.de\/kinderaktion\/wp-json\/wp\/v2\/types\/page"}],"author":[{"embeddable":true,"href":"https:\/\/www.rockitapple.de\/kinderaktion\/wp-json\/wp\/v2\/users\/1"}],"replies":[{"embeddable":true,"href":"https:\/\/www.rockitapple.de\/kinderaktion\/wp-json\/wp\/v2\/comments?post=1263"}],"version-history":[{"count":5,"href":"https:\/\/www.rockitapple.de\/kinderaktion\/wp-json\/wp\/v2\/pages\/1263\/revisions"}],"predecessor-version":[{"id":1318,"href":"https:\/\/www.rockitapple.de\/kinderaktion\/wp-json\/wp\/v2\/pages\/1263\/revisions\/1318"}],"wp:attachment":[{"href":"https:\/\/www.rockitapple.de\/kinderaktion\/wp-json\/wp\/v2\/media?parent=1263"}],"curies":[{"name":"wp","href":"https:\/\/api.w.org\/{rel}","templated":true}]}}