{"id":1268,"date":"2025-10-15T14:26:09","date_gmt":"2025-10-15T12:26:09","guid":{"rendered":"https:\/\/rockitapple.de\/kinderaktion2025\/?page_id=1268"},"modified":"2025-10-15T14:26:45","modified_gmt":"2025-10-15T12:26:45","slug":"datenschutz","status":"publish","type":"page","link":"https:\/\/www.rockitapple.de\/kinderaktion\/datenschutz\/","title":{"rendered":"Datenschutz"},"content":{"rendered":"\n<h1 class=\"wp-block-heading\" id=\"datenschutzModal\">Datenschutzbestimmungen<\/h1>\n\n\n\n<p><strong>Allgemeine Informationen zum Datenschutz<\/strong> Den Schutz Ihrer Privatsph\u00e4re und Ihrer personenbezogenen Daten nehmen wir sehr ernst. Sofern wir Ihre personenbezogenen Daten verarbeiten, erfolgt dies im Einklang mit der EU Datenschutz-Grundverordnung (DS-GVO) und den sonstigen einschl\u00e4gigen datenschutzrechtlichen Bestimmungen. Durch technische und organisatorische Ma\u00dfnahmen sichern wir, dass Ihre Daten optimal gegen den unberechtigten Zugriff durch Dritte gesch\u00fctzt werden. Im Folgenden m\u00f6chten wir Ihnen einen kurzen \u00dcberblick \u00fcber unseren Umgang mit personenbezogenen Informationen geben. Die nachfolgenden Hinweise beziehen sich ausschlie\u00dflich auf die Website unter www.rockitapple.de\/kinderaktion und deren Unterseiten (nachfolgend: die \u201eRockit-Kinderaktion-Seite\u201c).<\/p>\n\n\n\n<h3 class=\"wp-block-heading\">1. Verantwortliche Stelle<\/h3>\n\n\n\n<p>Verantwortliche Stelle f\u00fcr die Verarbeitung personenbezogener Daten ist:<\/p>\n\n\n\n<p>Red Apple Germany GmbH<br>Bassenflether Chaussee 4b<br>21723 Hollern-Twielenfleth<br>Tel. +49(0)4141\/9531-0<br>Fax +49(0)4141\/9531-10<br>E-mail: info@red-apple.eu<\/p>\n\n\n\n<h3 class=\"wp-block-heading\">2. Personenbezogene Daten<\/h3>\n\n\n\n<p>Ihre personenbezogenen Daten sind pers\u00f6nliche Informationen, die einen R\u00fcckschluss auf Ihre Identit\u00e4t zulassen. Darunter fallen z.B. Informationen wir Ihr Name, Ihre Anschrift, Telefonnummer oder E-Mailadresse aber auch Informationen \u00fcber Ihr Surfverhalten, sofern diese Informationen Ihnen direkt oder indirekt zugeordnet werden k\u00f6nnen.<\/p>\n\n\n\n<h3 class=\"wp-block-heading\">3. Rechtsgrundlagen der Verarbeitung Ihrer personenbezogenen Daten<\/h3>\n\n\n\n<p>Soweit wir f\u00fcr Verarbeitungsvorg\u00e4nge personenbezogener Daten eine Einwilligung einholen, dient Art. 6 Abs. 1 lit. a DSGVO als Rechtsgrundlage. Bei der Verarbeitung von personenbezogenen Daten, die zur Erf\u00fcllung eines Vertrages, dessen Vertragspartei der Nutzer ist, erforderlich ist, dient Art. 6 Abs. 1 lit. b DSGVO als Rechtsgrundlage. Dies gilt auch f\u00fcr Verarbeitungsvorg\u00e4nge, die zur Durchf\u00fchrung vorvertraglicher Ma\u00dfnahmen erforderlich sind. Soweit eine Verarbeitung personenbezogener Daten zur Erf\u00fcllung einer rechtlichen Verpflichtung erforderlich ist, der wir unterliegen, dient Art. 6 Abs. 1 lit. c DSGVO als Rechtsgrundlage. Ist die Verarbeitung zur Wahrung eines berechtigten Interesses unseres Unternehmens oder eines Dritten erforderlich und \u00fcberwiegen die Interessen, Grundrechte und Grundfreiheiten des Betroffenen das erstgenannte Interesse nicht, so dient Art. 6 Abs. 1 lit. f DSGVO als Rechtsgrundlage f\u00fcr die Verarbeitung.<\/p>\n\n\n\n<h3 class=\"wp-block-heading\">4. Erhebung, Verarbeitung und Nutzung von Bestandsdaten<\/h3>\n\n\n\n<p>Die Rockit-Kinderaktion-Seite k\u00f6nnen Sie grunds\u00e4tzlich ohne Offenlegung Ihrer Identit\u00e4t nutzen. Nur wenn Sie sich f\u00fcr einen auf der Rockit-Kinderaktion-Seite angebotenen Dienst registrieren (wie z. B. ein Gewinnspiel), kann die Angabe personenbezogener Daten erforderlich sein. Ob sie zu diesen Zwecken Ihre Daten eingeben, unterliegt Ihrer freien Entscheidung.<\/p>\n\n\n\n<p><strong>4.1 Kontaktm\u00f6glichkeit \u00fcber die Rockit-Kinderaktion-Seite<\/strong><\/p>\n\n\n\n<p>Auf der Rockit-Kinderaktion-Seite stellen wir f\u00fcr Sie eine Kontaktm\u00f6glichkeit zur Verf\u00fcgung, \u00fcber das Sie uns auf elektronischem Wege Ihre Fragen, Anregungen oder W\u00fcnsche oder auch Ihre Kritik mitteilen k\u00f6nnen. Um auf diese Weise mit uns Kontakt aufzunehmen, m\u00fcssen Sie auf der Rockit-Kinderaktion-Seite auf den Reiter \u201eKontakt\u201c klicken. Dann \u00f6ffnet sich Ihr E-Mail-Programm mit einem E-Mail-Entwurf mit dem Empf\u00e4nger \u201emarketing-team@elbe-obst.de\u201c. Wenn Sie uns hier\u00fcber eine E-Mail schreiben, erheben und speichern wir in diesem Zeitpunkt zudem Ihre E-Mail-Adresse, um Ihnen antworten zu k\u00f6nnen.<\/p>\n\n\n\n<p>Rechtsgrundlage ist Art. 6 Abs. 1 lit. f DSGVO.<\/p>\n\n\n\n<p>Diese Daten werden von uns nur zu dem Zweck verwendet, Ihre Anfragen zu beantworten.<\/p>\n\n\n\n<p>Die in diesem Zusammenhang angefallenen Daten l\u00f6schen wir, nachdem die Speicherung zu diesem Zweck nicht mehr erforderlich ist.<\/p>\n\n\n\n<h3 class=\"wp-block-heading\">5. Datenverarbeitung beim Zugriff auf die Rockit-Kinderaktion-Seite (Nutzungsdaten)<\/h3>\n\n\n\n<p>Daneben nutzen wir die nachfolgend aufgef\u00fchrten Daten auch, um unser Onlineangebot zu optimieren und Ihren Besuch auf unseren Websites noch bequemer, individueller und sicherer zu gestalten.<\/p>\n\n\n\n<p><strong>5.1 Einsatz von Cookies<\/strong><\/p>\n\n\n\n<p>Dar\u00fcber hinaus verwenden wir auf unserer Website sogenannte \u201eCookies\u201c. Ein Cookie ist eine kleine Datendatei, die auf Ihren Computer \u00fcbertragen wird, wenn Sie auf der Rockit-Kinderaktion-Seite surfen. Ein Cookie kann nur Informationen enthalten, die wir selbst an Ihren Rechner senden und durch welche wir bestimmte Informationen erhalten \u2013 private Daten lassen sich damit nicht auslesen. Bei diesen Informationen handelt es sich insbesondere um Ihren Browsertyp und dessen Version, den URL-Clickstream (das hei\u00dft welche Webseiten Sie in welcher Reihenfolge in unserem Internetangebot besucht haben), das Datum und die Zeit Ihres Besuchs bei uns sowie die Cookie-Nummer.<\/p>\n\n\n\n<p>Wir setzen Cookies zu dem Zweck ein, um unsere Website nutzerfreundlicher zu gestalten.<\/p>\n\n\n\n<p>Wir setzen technisch notwendige Cookies ein, um die Nutzung unserer Webseite f\u00fcr Sie zu vereinfachen. Einige Elemente der Rockit-Kinderaktion-Seite k\u00f6nnen nur dann genutzt werden, wenn der aufrufende Browser auch nach einem Seitenwechsel identifiziert werden kann. Rechtsgrundlage f\u00fcr die Verarbeitung personenbezogener Daten durch technisch notwendige Cookies ist Art. 6 Abs. 1 lit. f DSGVO.<\/p>\n\n\n\n<p>Wenn Sie die Cookies auf der Rockit-Kinderaktion-Seite akzeptieren, haben wir keinen Zugriff auf Ihre pers\u00f6nlichen Informationen, mit der Ausnahme, dass wir mit Hilfe der Cookies Ihren Computer identifizieren k\u00f6nnen. Anhand der Cookies k\u00f6nnen wir keine R\u00fcckschl\u00fcsse auf Ihre Identit\u00e4t ziehen. Es werden lediglich anonymisierte Informationen erzeugt. Wir verwenden lediglich sogenannte \u201esitzungsbezogene\u201c Cookies: Diese verbleiben nicht auf Ihrem Computer. Verlassen Sie die Rockit-Kinderaktion-Seite, wird auch der tempor\u00e4re Cookie verworfen. Mit Hilfe der zusammengetragenen Informationen k\u00f6nnen wir Nutzungsmuster und -strukturen der Rockit-Kinderaktion-Seite analysieren und die Webseite optimieren, indem wir den Inhalt oder die Personalisierung verbessern und die Nutzung vereinfachen. Permanente Cookies, die nach Verlassen unserer Website erhalten bleiben, setzen wir selbst nicht. Zur Verwendung solcher Cookies im Rahmen der Funktionsanalyse der Website siehe unter Ziffer 5.2.<\/p>\n\n\n\n<p>Die meisten Browser (z.B. Firefox, Chrome, Internet Explorer, Safari, etc.) akzeptieren Cookies standardm\u00e4\u00dfig. Sie k\u00f6nnen in den Browsereinstellungen tempor\u00e4re und gespeicherte Cookies unabh\u00e4ngig voneinander zulassen oder verbieten oder nur teilweise zulassen. Wir weisen Sie aber darauf hin, dass Ihnen bestimmte Features auf der Rockit-Kinderaktion-Seite nicht zur Verf\u00fcgung stehen, und einige Webseiten m\u00f6glicherweise nicht richtig angezeigt werden, wenn Sie Cookies deaktivieren.<\/p>\n\n\n\n<p><strong>5.2 Analysedienste<\/strong><\/p>\n\n\n\n<p><strong>Matomo<\/strong><\/p>\n\n\n\n<p>Wir nutzen auf dieser Webseite mit einer lokalen Installation den Webanalysedienst von Matomo, um ohne den Einsatz von Cookies eine Reichweitenmessung dieser Webseite durchzuf\u00fchren und um zu verstehen, wie und warum unsere Webseite genutzt wird. Wir nutzen Matomo auch, um eventuelle technische Probleme bei der Nutzung der Webseite zu erkennen. Rechtsgrundlage f\u00fcr diese Datenverarbeitung ist vor dem Hintergrund dieser berechtigten Interessen Art. 6 Abs. 1 lit. f DSGVO. Die mittels Matomo erhobenen Daten werden nicht mit anderen Daten verbunden. F\u00fcr diesen Zweck werden die folgenden Daten verarbeitet:<\/p>\n\n\n\n<ul class=\"wp-block-list\">\n<li>Die \u00f6ffentliche IP-Adresse, des von Ihnen verwendeten Endger\u00e4tes in anonymisierter Form;<\/li>\n\n\n\n<li>Datum und Uhrzeit der Anfrage<\/li>\n\n\n\n<li>Titel der aufgerufenen Seite<\/li>\n\n\n\n<li>URL der aufgerufenen Seite<\/li>\n\n\n\n<li>URL der Seite, die vor der aktuellen Seite aufgerufen wurde (Referrer URL)<\/li>\n\n\n\n<li>Verwendete Bildschirmaufl\u00f6sung<\/li>\n\n\n\n<li>Zeit in der lokalen Zeitzone des Benutzers<\/li>\n\n\n\n<li>Dateien, die angeklickt und heruntergeladen wurden (Download)<\/li>\n\n\n\n<li>Links zu einer externen Domain, auf die geklickt wurde (Outlink)<\/li>\n\n\n\n<li>Generierungszeit der Seiten (die Zeit, die der Webserver ben\u00f6tigt, um die Seiten zu generieren und dann vom Benutzer herunterzuladen: Seitengeschwindigkeit)<\/li>\n\n\n\n<li>Standort des Benutzers: Land, Region, Stadt, ungef\u00e4hre geografische Breite und L\u00e4nge (Geolocation)<\/li>\n\n\n\n<li>Hauptsprache des verwendeten Browsers (Accept-Language-Header)<\/li>\n\n\n\n<li>User-Agent des verwendeten Browsers (User-Agent-Header). Anhand des User-Agent verwenden wir eine Universal Device Detection Bibliothek, um den Browser, das Betriebssystem, das verwendete Ger\u00e4t (Desktop, Tablet, Handy, Fernseher, Auto, Konsole usw.), die Marke und das Modell zu erkennen.<\/li>\n\n\n\n<li>Standort des Benutzers: Land, Region, Stadt, ungef\u00e4hre geografische Breite und L\u00e4nge (Geolocation)<\/li>\n\n\n\n<li>Zeitpunkt des ersten Besuchs dieses Benutzers<\/li>\n\n\n\n<li>Anzahl der Besuche dieses Benutzers<\/li>\n<\/ul>\n\n\n\n<p>Die Daten werden nicht in Verbindung mit anderen Daten verarbeitet, mit denen wir einen Personenbezug herstellen k\u00f6nnten. Es werden daher keine personenbezogenen Nutzerprofile erstellt, die wir einer konkreten Person zuordnen k\u00f6nnten. Rechtsgrundlage f\u00fcr diese Datenverarbeitung ist vor dem Hintergrund dieser berechtigten Interessen Art. 6 Abs. 1 lit. f DSGVO. Die mittels Matomo erhobenen Daten werden nicht mit anderen Daten verbunden.<\/p>\n\n\n\n<p>Sie k\u00f6nnen dem Einsatz von Matomo und der Erhebung und Speicherung der Daten in der beschriebenen Art und Weise widersprechen, indem Sie den Haken im nachfolgenden Feld entfernen und so das Opt-out-Plug-in aktivieren. Hierdurch wird in sogenanntes Opt-Out-Cookie in Ihrem Browser angelegt, dass eine zuk\u00fcnftige Erhebung Ihrer Daten verhindert. Wir weisen Sie ausdr\u00fccklich darauf hin, dass dieses Cookie gel\u00f6scht wird und gegebenenfalls erneut aktiviert werden muss, wenn Sie ihre Cookies l\u00f6schen.<\/p>\n\n\n\n<p><strong>Meta Pixel<\/strong><\/p>\n\n\n\n<p>Mit Ihrer jederzeit widerruflichen Einwilligung wird bei einem Besuch unserer Webseite der sog. Meta Pixel in Ihrem Browser gespeichert. Anbieter dieser Funktion ist f\u00fcr die EU die Meta Platforms Ireland Limited, 4 Grand Canal Square, Grand Canal Harbour, Dublin 2, Irland.<\/p>\n\n\n\n<p>Wir verwenden das Meta Pixel, um auf Facebook und bei den mit Meta Platforms Ireland kooperierenden Partner (so genanntes \u201cAudience Network\u201d https:\/\/www.facebook.com\/audiencenetwork\/ ) unsere Werbung mittels Meta solchen Personen anzeigen zu lassen, die unsere Webseite besucht haben und f\u00fcr die wir daher annehmen, dass sie an unseren Angeboten und damit unserer Werbung Interesse haben. Ferner k\u00f6nnen wir mittels dieses Dienstes unsere Werbung an Personen ausspielen lassen, die bestimmte Merkmale erf\u00fcllen (z.B. Interesse f\u00fcr ausgew\u00e4hlte Themen oder Produkte, welches Meta anhand Daten zu diesen Personen ermittelt), die wir bei Meta ausgew\u00e4hlt haben (sogenannte \u201cCustom Audiences\u201c).<\/p>\n\n\n\n<p>Ferner gestattet uns das Meta Pixels die Wirksamkeit dieser Werbeanzeigen messen, da ermittelt wird, ob eine Person nach dem Klick auf eine entsprechende Werbeanzeige auf unsere Webseite weitergeleitet wurde.<\/p>\n\n\n\n<p>Datenschutzrechtlich Verantwortliche f\u00fcr diesen Dienst ist die Meta Platforms Ireland Limited.<\/p>\n\n\n\n<p>Die Datenschutzerkl\u00e4rung von Meta finden Sie hier https:\/\/www.facebook.com\/about\/privacy. Den zwischen uns und Meta abgeschlossenen Auftragsverarbeitungsvertrag, k\u00f6nnen Sie hier https:\/\/www.facebook.com\/legal\/terms\/dataprocessing abrufen.<\/p>\n\n\n\n<p>F\u00fcr die Verarbeitung von Verhaltens- und Interessensangaben f\u00fcr gezielten Werbung sowie die Zielgruppenbildung sind wir gemeinsam mit Meta gemeinsam Verantwortliche nach Art. 26 DSGVO. Die entsprechende Vertragsgrundlage und weitere Informationen finden Sie hier https:\/\/www.facebook.com\/legal\/controlleraddendum) verarbeitet. Die gemeinsame Verantwortlichkeit ist beschr\u00e4nkt auf die Verarbeitung und \u00dcbermittlung von personenbezogenen Daten an Meta Platforms Ireland Limited. F\u00fcr die weitere Verarbeitung der Daten ist diese allein datenschutzrechtlich Verantwortliche, insb. hinsichtlich der \u00dcbermittlung personenbezogener Daten an Drittstaaten wie die USA.<\/p>\n\n\n\n<p>Rechtsgrundlage f\u00fcr die Nutzung des Meta Pixels ist Ihre jederzeit mit Wirkung f\u00fcr die Zukunft widerrufliche Einwilligung, Art. 6 Abs. 1 lit. a) DSGVO.<\/p>\n\n\n\n<p>F\u00fcr unsere Webseite k\u00f6nnen Sie Ihre Einwilligung hier Link auf das Consent Layer widerrufen. Durch den Widerruf der Einwilligung wird die Rechtm\u00e4\u00dfigkeit der aufgrund der Einwilligung bis zum Widerruf erfolgten Verarbeitung nicht ber\u00fchrt.<\/p>\n\n\n\n<p><strong>5.3 Teilnahme an Gewinnspielen<\/strong><\/p>\n\n\n\n<p>Die Teilnahme an Gewinnspielen und Aktionen, an denen \u00fcber die Rockit-Kinderaktion-Seite teilnehmen k\u00f6nnen, erfordert eine Anmeldung. Bei der Anmeldung zur Teilnahme werden Sie aufgefordert, Ihren Vor- und Nachnamen und Ihre E-Mail-Adresse und ggf. weitere personenbezogenen Daten anzugeben. Diese Daten verarbeiten wir ausschlie\u00dflich, soweit dies zum Zwecke der Erf\u00fcllung der im Zusammenhang mit den Gewinnspielen \u00fcbernommenen Verpflichtungen erforderlich ist.<\/p>\n\n\n\n<p>Rechtsgrundlage ist Art. 6 Abs. 1 S. 1 lit. b DS-GVO.<\/p>\n\n\n\n<p>Eine Verwendung dieser Daten f\u00fcr andere Zwecke erfolgt ohne ausdr\u00fcckliche gesonderte Einwilligung nicht. Einzelheiten zu Ablauf und Ausgestaltung der jeweiligen Aktionen oder Gewinnspiele sowie zum Umfang der jeweils zu diesen Zwecken verarbeiteten Daten, finden sich in den jeweiligen Teilnahmebedingungen der einzelnen Aktionen und Gewinnspiele.<\/p>\n\n\n\n<p><strong>5.4 Newsletter<\/strong><\/p>\n\n\n\n<p>Wir bieten Ihnen einen Newsletter an, der Sie \u00fcber Rockit und Aktionen informiert. Unseren Newsletter versenden wir nur mit Einwilligung der Empf\u00e4nger oder einer gesetzlichen Erlaubnis. Zur Anmeldung ist eine Verifizierung der angegebenen E-Mail-Adresse notwendig und Sie m\u00fcssen in den Empfang des Newsletters einwilligen (sog. Double-Opt-In).<\/p>\n\n\n\n<p>M\u00f6chten Sie den Newsletter abonnieren, m\u00fcssen Sie einen Namen und eine valide E-Mail-Adresse angeben. Weitere Daten werden nicht erhoben. Diese Daten verwenden wir ausschlie\u00dflich f\u00fcr den Versand des Newsletters und geben sie nicht an Dritte weiter.<\/p>\n\n\n\n<p>Wenn Sie den Newsletter abonnieren, erkl\u00e4ren Sie sich mit dem Newsletter-Empfang und den erl\u00e4uterten Verfahren einverstanden.<\/p>\n\n\n\n<p>Rechtsgrundlage f\u00fcr die Verarbeitung der Daten nach Anmeldung zum Newsletters durch Sie ist bei Vorliegen einer Einwilligung Art. 6 Abs. 1 lit. a DSGVO. Sie k\u00f6nnen Ihre Einwilligung jederzeit mit Wirkung f\u00fcr die Zukunft widerrufen. Durch den Widerruf der Einwilligung wird die Rechtm\u00e4\u00dfigkeit der aufgrund der Einwilligung bis zum Widerruf erfolgten Verarbeitung nicht ber\u00fchrt.<\/p>\n\n\n\n<p>F\u00fcr die Best\u00e4tigung Ihrer Anmeldung zum Email-Newsletter m\u00fcssen Sie auf den Best\u00e4tigungslink in der Verifizierungsemail klicken, die wir Ihnen nach Ihrer Anmeldung \u00fcbersenden. Mit einem Klick auf den angegebenen Link in der Verifizierungsnachricht verarbeiten wir Datum und Uhrzeit des Klicks, den Inhalt der an Sie gesandten Nachricht sowie die verwendete Email-Adresse. Dies erfolgt, um den Nachweis erbringen zu k\u00f6nnen, dass Sie sich zu dem Newsletter angemeldet und Ihre Einwilligung best\u00e4tigt haben. Rechtsgrundlage dieser Verarbeitung ist Art. 6 Abs. 1 lit. c) DSGVO, da wir gesetzlich verpflichtet sind, Ihre Einwilligung nachweisen zu k\u00f6nnen. Nach Ihrer K\u00fcndigung erfolgt die L\u00f6schung Ihre personenbezogenen Daten. Ihre Einwilligung in den Newsletterversand erlischt gleichzeitig. Am Ende jedes Newsletters finden Sie den Link zur K\u00fcndigung.<\/p>\n\n\n\n<p>Die aus unserer Mailingliste ausgetragenen E-Mailadressen k\u00f6nnen wir auf Grundlage berechtigter Interessen bis zu drei Jahren speichern, bevor wir sie l\u00f6schen, um Ihre ehemals gegebene Einwilligung nachweisen zu k\u00f6nnen. Insoweit beschr\u00e4nkt sich die Datenverarbeitung ausschlie\u00dflich auf den Zweck einer m\u00f6glichen Abwehr von Anspr\u00fcchen. Rechtsgrundlage ist Art. 6 Abs. 1 lit. f DSGVO. Wir werden Ihre Daten auf Ihre Mitteilung per E-Mail an Info@red-Apple.eu oder schriftlich an Red Apple Germany, Postfach 1809, 21658 Stade auch vor Ablauf dieses Zeitraums l\u00f6schen, wenn Sie uns gleichzeitig best\u00e4tigen, dass fr\u00fcher eine Einwilligung in den Erhalt des Newsletters bestand.<\/p>\n\n\n\n<h3 class=\"wp-block-heading\">6. Speicherung und L\u00f6schung Ihrer personenbezogenen Daten<\/h3>\n\n\n\n<p>Die personenbezogenen Daten des Nutzers werden gel\u00f6scht oder gesperrt, sobald der Zweck der Speicherung entf\u00e4llt. Eine Speicherung kann dar\u00fcber hinaus erfolgen, wenn dies durch den europ\u00e4ischen oder nationalen Gesetzgeber in Verordnungen, Gesetzen oder sonstigen Vorschriften, denen der Verantwortliche unterliegt, vorgesehen wurde. Eine Sperrung oder L\u00f6schung der Daten erfolgt auch dann, wenn eine durch die genannten Normen vorgeschriebene Speicherfrist abl\u00e4uft, es sei denn, dass eine Erforderlichkeit zur weiteren Speicherung der Daten f\u00fcr einen Vertragsabschluss oder eine Vertragserf\u00fcllung besteht.<\/p>\n\n\n\n<h3 class=\"wp-block-heading\">7. Ihre Rechte<\/h3>\n\n\n\n<p>Ihnen stehen im Zusammenhang mit Ihren personenbezogenen Daten aus der DSGVO insbesondere die nachfolgend genannten Rechte zu. Wegen der Details verweisen wir auf die gesetzlichen Regelungen (insbesondere Art. 15 ff. DSGVO).<\/p>\n\n\n\n<p><strong>Recht auf Auskunft<\/strong><\/p>\n\n\n\n<p>Nach Art. 15 DSGVO haben Sie das Recht, von uns eine Best\u00e4tigung dar\u00fcber zu verlangen, ob durch uns Sie betreffende personenbezogene Daten verarbeitet werden. Wenn dies der Fall sein sollte, haben Sie ein Recht auf Auskunft \u00fcber diese personenbezogenen Daten und auf weitergehende Informationen, die in Art. 15 DSGVO genannt sind.<\/p>\n\n\n\n<p><strong>Recht auf Berichtigung<\/strong><\/p>\n\n\n\n<p>Nach Art. 16 DSGVO haben Sie das Recht, von uns unverz\u00fcglich die Berichtigung unrichtiger personenbezogener Daten zu verlangen, die Sie betreffen. Unter Ber\u00fccksichtigung der Zwecke der Verarbeitung haben Sie ferner das Recht, die Vervollst\u00e4ndigung unvollst\u00e4ndiger personenbezogener Daten \u2013 auch mittels einer erg\u00e4nzenden Erkl\u00e4rung \u2013 zu verlangen.<\/p>\n\n\n\n<p><strong>Recht auf L\u00f6schung (&#8222;Recht auf Vergessenwerden\u201c)<\/strong><\/p>\n\n\n\n<p>Sie haben in den Grenzen des Art. 17 DSGVO das Recht von uns zu verlangen, dass Sie betreffende personenbezogene Daten unverz\u00fcglich gel\u00f6scht werden. Wir sind verpflichtet, personenbezogene Daten unverz\u00fcglich zu l\u00f6schen, sofern die entsprechenden Voraussetzungen des Art. 17 DSGVO vorliegen. Wegen der Einzelheiten verweisen wir auf Art. 17 DSGVO.<\/p>\n\n\n\n<p><strong>Recht auf Einschr\u00e4nkung der Verarbeitung<\/strong><\/p>\n\n\n\n<p>Nach Ma\u00dfgabe des Art. 18 DSGVO haben Sie unter bestimmten Voraussetzungen das Recht, von uns die Einschr\u00e4nkung der Verarbeitung Ihrer personenbezogenen Daten zu verlangen. Wegen der Einzelheiten verweisen wir auf Art. 18 DSGVO.<\/p>\n\n\n\n<p><strong>Recht auf Daten\u00fcbertragbarkeit<\/strong><\/p>\n\n\n\n<p>Unter den Voraussetzungen des Art. 20 DSGVO haben Sie das Recht, die Sie betreffenden personenbezogenen Daten, die Sie uns bereitgestellt haben, in einem strukturierten, g\u00e4ngigen und maschinenlesbaren Format zu erhalten. Nach Art. 20 DSGVO haben Sie weiter das Recht, diese Daten einem anderen Verantwortlichen ohne Behinderung durch uns zu \u00fcbermitteln, sofern die Verarbeitung auf einer Einwilligung gem\u00e4\u00df Artikel 6 Abs. 1 lit. a) DSGVO oder Artikel 9 Abs. 2 lit. a) DSGVO oder auf einem Vertrag gem\u00e4\u00df Artikel 6 Abs. 1 lit. b) DSGVO beruht und die Verarbeitung mithilfe automatisierter Verfahren erfolgt.<\/p>\n\n\n\n<p><strong>Bestehen eines Beschwerderechts bei der Aufsichtsbeh\u00f6rde<\/strong><\/p>\n\n\n\n<p>Sie haben nach Art. 77 DSGVO unbeschadet eines anderweitigen verwaltungsrechtlichen oder gerichtlichen Rechtsbehelfs das Recht, sich bei der Aufsichtsbeh\u00f6rde zu beschweren. Dieses Recht besteht insbesondere in dem Mitgliedstaat Ihres Aufenthaltsorts, Ihres Arbeitsplatzes oder des Orts des mutma\u00dflichen Versto\u00dfes, wenn Sie der Ansicht sind, dass die Verarbeitung der Sie betreffenden personenbezogenen Daten gegen die DSGVO verst\u00f6\u00dft.<\/p>\n\n\n\n<p><strong>Widerspruchsrecht<br>Nach Art. 21 DSGVO haben Sie das Recht gegen die Verarbeitung Sie betreffender personenbezogener Daten, die auf Grundlage von Artikel 6 Absatz 1 lit. e oder lit. f DSGVO erfolgt, Widerspruch einzulegen; dies gilt auch f\u00fcr ein auf diese Bestimmungen gest\u00fctztes Profiling.<\/strong><\/p>\n\n\n\n<p><strong>Sofern wir Ihre personenbezogenen Daten verarbeiten, um Direktwerbung zu betreiben, haben Sie jederzeit das Recht, gegen die Verarbeitung sie betreffender personenbezogener Daten zum Zwecke derartiger Werbung Widerspruch einzulegen; dies gilt auch f\u00fcr das Profiling, soweit es mit solcher Direktwerbung in Verbindung steht.<\/strong><\/p>\n\n\n\n<h3 class=\"wp-block-heading\">8. Fragen zum Datenschutz?<\/h3>\n\n\n\n<p>Bei Fragen bez\u00fcglich unserer Datenschutzbestimmungen k\u00f6nnen Sie gerne \u00fcber die in Ziffer 1 angegebenen Kontaktdaten mit uns Kontakt aufnehmen.<\/p>\n\n\n\n<p>Red Apple Germany GmbH<br>Bassenflether Chaussee 4b<br>21723 Hollern-Twielenfleth<br>Deutschland<br>Tel +49 (0)4141 &#8211; 95 31 250<br>Fax +49 (0)4141 &#8211; 95 31 10<br>E-mail: info@red-apple.eu<\/p>\n\n\n\n<p><\/p>\n","protected":false},"excerpt":{"rendered":"<p>Datenschutzbestimmungen Allgemeine Informationen zum Datenschutz Den Schutz Ihrer Privatsph\u00e4re und Ihrer personenbezogenen Daten nehmen wir sehr ernst. Sofern wir Ihre personenbezogenen Daten verarbeiten, erfolgt dies im Einklang mit der EU Datenschutz-Grundverordnung (DS-GVO) und den sonstigen einschl\u00e4gigen datenschutzrechtlichen Bestimmungen. Durch technische und organisatorische Ma\u00dfnahmen sichern wir, dass Ihre Daten optimal gegen den unberechtigten Zugriff durch Dritte [&hellip;]<\/p>\n","protected":false},"author":1,"featured_media":0,"parent":0,"menu_order":110,"comment_status":"closed","ping_status":"closed","template":"page.php","meta":{"footnotes":""},"class_list":["post-1268","page","type-page","status-publish","hentry"],"_links":{"self":[{"href":"https:\/\/www.rockitapple.de\/kinderaktion\/wp-json\/wp\/v2\/pages\/1268","targetHints":{"allow":["GET"]}}],"collection":[{"href":"https:\/\/www.rockitapple.de\/kinderaktion\/wp-json\/wp\/v2\/pages"}],"about":[{"href":"https:\/\/www.rockitapple.de\/kinderaktion\/wp-json\/wp\/v2\/types\/page"}],"author":[{"embeddable":true,"href":"https:\/\/www.rockitapple.de\/kinderaktion\/wp-json\/wp\/v2\/users\/1"}],"replies":[{"embeddable":true,"href":"https:\/\/www.rockitapple.de\/kinderaktion\/wp-json\/wp\/v2\/comments?post=1268"}],"version-history":[{"count":4,"href":"https:\/\/www.rockitapple.de\/kinderaktion\/wp-json\/wp\/v2\/pages\/1268\/revisions"}],"predecessor-version":[{"id":1272,"href":"https:\/\/www.rockitapple.de\/kinderaktion\/wp-json\/wp\/v2\/pages\/1268\/revisions\/1272"}],"wp:attachment":[{"href":"https:\/\/www.rockitapple.de\/kinderaktion\/wp-json\/wp\/v2\/media?parent=1268"}],"curies":[{"name":"wp","href":"https:\/\/api.w.org\/{rel}","templated":true}]}}