{"id":1273,"date":"2025-10-15T14:27:36","date_gmt":"2025-10-15T12:27:36","guid":{"rendered":"https:\/\/rockitapple.de\/kinderaktion2025\/?page_id=1273"},"modified":"2025-10-15T14:27:50","modified_gmt":"2025-10-15T12:27:50","slug":"impressum","status":"publish","type":"page","link":"https:\/\/www.rockitapple.de\/kinderaktion\/impressum\/","title":{"rendered":"Impressum"},"content":{"rendered":"\n<h1 class=\"wp-block-heading\" id=\"impressumModal\">Impressum<\/h1>\n\n\n\n<p><strong>Hausanschrift:<\/strong><br>Bassenflether Chaussee 4b<br>21723 Hollern-Twielenfleth<\/p>\n\n\n\n<p><strong>Gesch\u00e4ftsf\u00fchrer:<\/strong><br>Andreas Berg<br>Tel +49 (0) 4141\/ 9531-250<br>Fax +49 (0) 4141\/ 9531-252<\/p>\n\n\n\n<p><strong>Bankverbindung:<\/strong><br>Kreissparkasse Stade<br>IBAN: DE66 2415 1116 0000 7799 91<br>BIC: NOLADE21STK<\/p>\n\n\n\n<p>Handelregister Tostedt<br>HRB 204417<br>Ust-IdentNr. DE 227 892 688<br>St.-Nr.: 43\/203\/01772<\/p>\n\n\n\n<p><strong>Haftungsausschluss:<\/strong><br>Die Informationen auf dieser Website wurden sorgf\u00e4ltig gepr\u00fcft und werden regelm\u00e4\u00dfig erneuert oder erg\u00e4nzt. Jedoch kann keine Haftung oder Garantie daf\u00fcr \u00fcbernommen werden, dass alle Angaben zu jeder Zeit vollst\u00e4ndig, richtig und in letzter Aktualit\u00e4t dargestellt sind. Dies gilt insbesondere f\u00fcr alle Links zu anderen Websites, auf die direkt oder indirekt verwiesen wird. Alle Angaben k\u00f6nnen ohne Ank\u00fcndigung abge\u00e4ndert, erg\u00e4nzt oder ganz entfernt werden. Weder die Ver\u00f6ffentlichung noch ihr Inhalt d\u00fcrfen ohne die vorherige ausdr\u00fcckliche Genehmigung von Red Apple Germany GmbH auf irgendeine Art genutzt, ver\u00e4ndert oder an Dritte \u00fcbermittelt werden. Alle Rechte vorbehalten. Alle Angaben ohne Gew\u00e4hr.<\/p>\n\n\n\n<p>Red Apple Germany GmbH<br>Bassenflether Chaussee 4b<br>21723 Hollern-Twielenfleth<br>Deutschland<br>+49 (0)4141 &#8211; 95 31 250<\/p>\n","protected":false},"excerpt":{"rendered":"<p>Impressum Hausanschrift:Bassenflether Chaussee 4b21723 Hollern-Twielenfleth Gesch\u00e4ftsf\u00fchrer:Andreas BergTel +49 (0) 4141\/ 9531-250Fax +49 (0) 4141\/ 9531-252 Bankverbindung:Kreissparkasse StadeIBAN: DE66 2415 1116 0000 7799 91BIC: NOLADE21STK Handelregister TostedtHRB 204417Ust-IdentNr. DE 227 892 688St.-Nr.: 43\/203\/01772 Haftungsausschluss:Die Informationen auf dieser Website wurden sorgf\u00e4ltig gepr\u00fcft und werden regelm\u00e4\u00dfig erneuert oder erg\u00e4nzt. Jedoch kann keine Haftung oder Garantie daf\u00fcr \u00fcbernommen werden, [&hellip;]<\/p>\n","protected":false},"author":1,"featured_media":0,"parent":0,"menu_order":120,"comment_status":"closed","ping_status":"closed","template":"page.php","meta":{"footnotes":""},"class_list":["post-1273","page","type-page","status-publish","hentry"],"_links":{"self":[{"href":"https:\/\/www.rockitapple.de\/kinderaktion\/wp-json\/wp\/v2\/pages\/1273","targetHints":{"allow":["GET"]}}],"collection":[{"href":"https:\/\/www.rockitapple.de\/kinderaktion\/wp-json\/wp\/v2\/pages"}],"about":[{"href":"https:\/\/www.rockitapple.de\/kinderaktion\/wp-json\/wp\/v2\/types\/page"}],"author":[{"embeddable":true,"href":"https:\/\/www.rockitapple.de\/kinderaktion\/wp-json\/wp\/v2\/users\/1"}],"replies":[{"embeddable":true,"href":"https:\/\/www.rockitapple.de\/kinderaktion\/wp-json\/wp\/v2\/comments?post=1273"}],"version-history":[{"count":3,"href":"https:\/\/www.rockitapple.de\/kinderaktion\/wp-json\/wp\/v2\/pages\/1273\/revisions"}],"predecessor-version":[{"id":1276,"href":"https:\/\/www.rockitapple.de\/kinderaktion\/wp-json\/wp\/v2\/pages\/1273\/revisions\/1276"}],"wp:attachment":[{"href":"https:\/\/www.rockitapple.de\/kinderaktion\/wp-json\/wp\/v2\/media?parent=1273"}],"curies":[{"name":"wp","href":"https:\/\/api.w.org\/{rel}","templated":true}]}}